{"id":193,"date":"2024-08-29T19:42:07","date_gmt":"2024-08-29T19:42:07","guid":{"rendered":"https:\/\/butherspets.com\/?page_id=193"},"modified":"2024-08-29T20:39:43","modified_gmt":"2024-08-29T20:39:43","slug":"politicas-de-envio","status":"publish","type":"page","link":"https:\/\/butherspets.com\/index.php\/politicas-de-envio\/","title":{"rendered":"Politicas de envios"},"content":{"rendered":"<p>Todos los pedidos son despachados desde Bogota.<br \/>\nTenemos un tiempo de entrega estimado de 3 a 8 d\u00edas h\u00e1biles desde que se confirma y se verifica su pago.<\/p>\n<p>En BOGOT\u00c1 de acuerdo al lugar de entrega solicitado por el cliente, BUTHERS PETS se reserva el derecho de elegir el M\u00c9TODO DE ENV\u00cdO adecuado ya sea a trav\u00e9s de DOMICILIO O ENV\u00cdO DE MERCANC\u00cdA con entrega en un plazo m\u00e1ximo de 2 a 4 d\u00edas a trav\u00e9s de un operador certificado, ya que la zona de domicilios directos tiene \u00e1rea de entrega limitada.<\/p>\n<p>El valor del domicilio podr\u00e1 ser determinado por una tarifa \u00fanica o de acuerdo al sitio de entrega dentro de la zona urbana de la ciudad de Bogot\u00e1. El reparto y entrega del pedido se realizar\u00e1 a trav\u00e9s de personal externo a BUTHERS PETS. Los conductores de estos veh\u00edculos (Bicicleta, Moto o Carro) podr\u00e1n ser contratados directa o indirectamente por BUTHERS PETS, o podr\u00e1n ser personas contratadas por terceros para BUTHERS PETS para prestar este servicio. Los terceros prestar\u00e1n los servicios de coordinaci\u00f3n, supervisi\u00f3n, entrega y reparto de domicilios y pedidos. Los terceros contratados por BUTHERS PETS, a su vez designar\u00e1n el personal id\u00f3neo y debidamente capacitado, que se encargar\u00e1 de realizar la entrega de los domicilios y pedidos en los sitios de entrega informados.<\/p>\n<p>Para pedidos fuera de Bogot\u00e1 el valor de env\u00edo se calcula por el peso de la compra y el lugar de destino. Los costos relacionados con el env\u00edo ser\u00e1n discriminados en la factura y la orden al momento de hacer la compra. El m\u00e9todo de env\u00edo empleado para lugares fuera de Bogot\u00e1 se har\u00e1 a trav\u00e9s de una transportadora certificada de mercanc\u00edas. El cliente entiende y acepta que los d\u00edas que tome la entrega del pedido dependen estrictamente de la distancia y los medios de transporte necesarios para que el operador pueda hacer efectiva la operaci\u00f3n. El cliente entiende y acepta que NO es posible comprometerse con horarios espec\u00edficos de entrega ya que esta puede variar de acuerdo a lo anteriormente mencionado, a dificultades propias de la operaci\u00f3n y a hechos fortuitos impredecibles (clima, derrumbes en carretera, paros de transporte, etc).<\/p>\n","protected":false},"excerpt":{"rendered":"<p>Todos los pedidos son despachados desde Bogota. Tenemos un tiempo de entrega estimado de 3 a 8 d\u00edas h\u00e1biles desde [&hellip;]<\/p>\n","protected":false},"author":1,"featured_media":0,"parent":0,"menu_order":0,"comment_status":"closed","ping_status":"closed","template":"","meta":{"site-sidebar-layout":"default","site-content-layout":"","ast-site-content-layout":"default","site-content-style":"default","site-sidebar-style":"default","ast-global-header-display":"","ast-banner-title-visibility":"","ast-main-header-display":"","ast-hfb-above-header-display":"","ast-hfb-below-header-display":"","ast-hfb-mobile-header-display":"","site-post-title":"","ast-breadcrumbs-content":"","ast-featured-img":"","footer-sml-layout":"","ast-disable-related-posts":"","theme-transparent-header-meta":"default","adv-header-id-meta":"","stick-header-meta":"","header-above-stick-meta":"","header-main-stick-meta":"","header-below-stick-meta":"","astra-migrate-meta-layouts":"set","ast-page-background-enabled":"default","ast-page-background-meta":{"desktop":{"background-color":"var(--ast-global-color-4)","background-image":"","background-repeat":"repeat","background-position":"center center","background-size":"auto","background-attachment":"scroll","background-type":"","background-media":"","overlay-type":"","overlay-color":"","overlay-opacity":"","overlay-gradient":""},"tablet":{"background-color":"","background-image":"","background-repeat":"repeat","background-position":"center center","background-size":"auto","background-attachment":"scroll","background-type":"","background-media":"","overlay-type":"","overlay-color":"","overlay-opacity":"","overlay-gradient":""},"mobile":{"background-color":"","background-image":"","background-repeat":"repeat","background-position":"center center","background-size":"auto","background-attachment":"scroll","background-type":"","background-media":"","overlay-type":"","overlay-color":"","overlay-opacity":"","overlay-gradient":""}},"ast-content-background-meta":{"desktop":{"background-color":"var(--ast-global-color-5)","background-image":"","background-repeat":"repeat","background-position":"center center","background-size":"auto","background-attachment":"scroll","background-type":"","background-media":"","overlay-type":"","overlay-color":"","overlay-opacity":"","overlay-gradient":""},"tablet":{"background-color":"var(--ast-global-color-5)","background-image":"","background-repeat":"repeat","background-position":"center center","background-size":"auto","background-attachment":"scroll","background-type":"","background-media":"","overlay-type":"","overlay-color":"","overlay-opacity":"","overlay-gradient":""},"mobile":{"background-color":"var(--ast-global-color-5)","background-image":"","background-repeat":"repeat","background-position":"center center","background-size":"auto","background-attachment":"scroll","background-type":"","background-media":"","overlay-type":"","overlay-color":"","overlay-opacity":"","overlay-gradient":""}},"_joinchat":[],"footnotes":""},"class_list":["post-193","page","type-page","status-publish","hentry"],"_links":{"self":[{"href":"https:\/\/butherspets.com\/index.php\/wp-json\/wp\/v2\/pages\/193","targetHints":{"allow":["GET"]}}],"collection":[{"href":"https:\/\/butherspets.com\/index.php\/wp-json\/wp\/v2\/pages"}],"about":[{"href":"https:\/\/butherspets.com\/index.php\/wp-json\/wp\/v2\/types\/page"}],"author":[{"embeddable":true,"href":"https:\/\/butherspets.com\/index.php\/wp-json\/wp\/v2\/users\/1"}],"replies":[{"embeddable":true,"href":"https:\/\/butherspets.com\/index.php\/wp-json\/wp\/v2\/comments?post=193"}],"version-history":[{"count":2,"href":"https:\/\/butherspets.com\/index.php\/wp-json\/wp\/v2\/pages\/193\/revisions"}],"predecessor-version":[{"id":243,"href":"https:\/\/butherspets.com\/index.php\/wp-json\/wp\/v2\/pages\/193\/revisions\/243"}],"wp:attachment":[{"href":"https:\/\/butherspets.com\/index.php\/wp-json\/wp\/v2\/media?parent=193"}],"curies":[{"name":"wp","href":"https:\/\/api.w.org\/{rel}","templated":true}]}}