{"id":1093,"date":"2025-01-29T16:48:42","date_gmt":"2025-01-29T16:48:42","guid":{"rendered":"https:\/\/butherspets.com\/?post_type=product&#038;p=1093"},"modified":"2025-01-29T17:08:41","modified_gmt":"2025-01-29T17:08:41","slug":"pelota-recompensas-en-caucho-natural","status":"publish","type":"product","link":"https:\/\/butherspets.com\/index.php\/producto\/pelota-recompensas-en-caucho-natural\/","title":{"rendered":"Pelota Recompensas en Caucho Natural"},"content":{"rendered":"<p>\u2705 2 en 1: esta pelota de juego para perros combina 2 caracter\u00edsticas en 1 producto. El juego de b\u00fasqueda promueve y satisface el deseo adictivo de tu mascota. Como juguete de recogida y lanzamiento en interiores y exteriores, un compa\u00f1ero ideal. As\u00ed se puede profundizar la uni\u00f3n entre el perro y el soporte. El exceso de energ\u00eda se descompone y su perro se equilibra<\/p>\n<p>\u2705 Funcionamiento: esconde golosinas introduci\u00e9ndolas a trav\u00e9s de la abertura donde los huesos est\u00e1n perforados. Como resultado del hecho de que la zona de ingreso se cierra solo por incisiones, el perro no puede hacer trampa. Girando h\u00e1bilmente, la golosina se gu\u00eda a trav\u00e9s del laberinto hasta que salga al final por el lado abierto. As\u00ed tu perro tendr\u00e1 una larga diversi\u00f3n, se exigir\u00e1 mentalmente y recibir\u00e1 al final su merecida recompensa<\/p>\n<p>Fomenta la uni\u00f3n: Esconde las golosinas tambi\u00e9n son la fuente de recursos y diversi\u00f3n para tu perro. En el juego de lanzamiento y b\u00fasqueda tambi\u00e9n. Debido a que la concentraci\u00f3n est\u00e1 dirigida a ti, esto puede promover el v\u00ednculo con tu mascota. Tambi\u00e9n puede tener un efecto positivo en la obediencia. Con esta pelota multifunci\u00f3n, tu perro tendr\u00e1 un cuidado significativo y la energ\u00eda puede distraerse de comportamientos no deseados<\/p>\n<p>Calidad: esta pelota de juego para perros tiene el tama\u00f1o ideal de aprox. 6.5 cm y 8 cm de di\u00e1metro. Para la fabricaci\u00f3n de la bola de alimentaci\u00f3n se ha utilizado caucho natural de calidad. El juguete es resistente, duradero y resistente a las mordeduras. La pelota para perros con su peso de apenas 160 gramos es adecuada para perros o cachorros grandes y peque\u00f1os. Por supuesto, los gatos tambi\u00e9n pueden estar ocupados con esta pelota de golosinas<\/p>\n","protected":false},"excerpt":{"rendered":"<p>\u2705 2 en 1: esta pelota de juego para perros combina 2 caracter\u00edsticas en 1 producto. El juego de b\u00fasqueda [&hellip;]<\/p>\n","protected":false},"featured_media":1100,"comment_status":"open","ping_status":"closed","template":"","meta":{"site-sidebar-layout":"default","site-content-layout":"","ast-site-content-layout":"default","site-content-style":"default","site-sidebar-style":"default","ast-global-header-display":"","ast-banner-title-visibility":"","ast-main-header-display":"","ast-hfb-above-header-display":"","ast-hfb-below-header-display":"","ast-hfb-mobile-header-display":"","site-post-title":"","ast-breadcrumbs-content":"","ast-featured-img":"","footer-sml-layout":"","ast-disable-related-posts":"","theme-transparent-header-meta":"default","adv-header-id-meta":"","stick-header-meta":"","header-above-stick-meta":"","header-main-stick-meta":"","header-below-stick-meta":"","astra-migrate-meta-layouts":"set","ast-page-background-enabled":"default","ast-page-background-meta":{"desktop":{"background-color":"var(--ast-global-color-4)","background-image":"","background-repeat":"repeat","background-position":"center center","background-size":"auto","background-attachment":"scroll","background-type":"","background-media":"","overlay-type":"","overlay-color":"","overlay-opacity":"","overlay-gradient":""},"tablet":{"background-color":"","background-image":"","background-repeat":"repeat","background-position":"center center","background-size":"auto","background-attachment":"scroll","background-type":"","background-media":"","overlay-type":"","overlay-color":"","overlay-opacity":"","overlay-gradient":""},"mobile":{"background-color":"","background-image":"","background-repeat":"repeat","background-position":"center center","background-size":"auto","background-attachment":"scroll","background-type":"","background-media":"","overlay-type":"","overlay-color":"","overlay-opacity":"","overlay-gradient":""}},"ast-content-background-meta":{"desktop":{"background-color":"var(--ast-global-color-5)","background-image":"","background-repeat":"repeat","background-position":"center center","background-size":"auto","background-attachment":"scroll","background-type":"","background-media":"","overlay-type":"","overlay-color":"","overlay-opacity":"","overlay-gradient":""},"tablet":{"background-color":"var(--ast-global-color-5)","background-image":"","background-repeat":"repeat","background-position":"center center","background-size":"auto","background-attachment":"scroll","background-type":"","background-media":"","overlay-type":"","overlay-color":"","overlay-opacity":"","overlay-gradient":""},"mobile":{"background-color":"var(--ast-global-color-5)","background-image":"","background-repeat":"repeat","background-position":"center center","background-size":"auto","background-attachment":"scroll","background-type":"","background-media":"","overlay-type":"","overlay-color":"","overlay-opacity":"","overlay-gradient":""}},"_joinchat":[]},"product_brand":[77],"product_cat":[36,30,21],"product_tag":[],"class_list":{"0":"post-1093","1":"product","2":"type-product","3":"status-publish","4":"has-post-thumbnail","6":"product_brand-bp","7":"product_cat-juguetes-g","8":"product_cat-juguetes-p","9":"product_cat-perro","10":"desktop-align-left","11":"tablet-align-left","12":"mobile-align-left","14":"first","15":"instock","16":"taxable","17":"shipping-taxable","18":"purchasable","19":"product-type-variable"},"_links":{"self":[{"href":"https:\/\/butherspets.com\/index.php\/wp-json\/wp\/v2\/product\/1093","targetHints":{"allow":["GET"]}}],"collection":[{"href":"https:\/\/butherspets.com\/index.php\/wp-json\/wp\/v2\/product"}],"about":[{"href":"https:\/\/butherspets.com\/index.php\/wp-json\/wp\/v2\/types\/product"}],"replies":[{"embeddable":true,"href":"https:\/\/butherspets.com\/index.php\/wp-json\/wp\/v2\/comments?post=1093"}],"wp:featuredmedia":[{"embeddable":true,"href":"https:\/\/butherspets.com\/index.php\/wp-json\/wp\/v2\/media\/1100"}],"wp:attachment":[{"href":"https:\/\/butherspets.com\/index.php\/wp-json\/wp\/v2\/media?parent=1093"}],"wp:term":[{"taxonomy":"product_brand","embeddable":true,"href":"https:\/\/butherspets.com\/index.php\/wp-json\/wp\/v2\/product_brand?post=1093"},{"taxonomy":"product_cat","embeddable":true,"href":"https:\/\/butherspets.com\/index.php\/wp-json\/wp\/v2\/product_cat?post=1093"},{"taxonomy":"product_tag","embeddable":true,"href":"https:\/\/butherspets.com\/index.php\/wp-json\/wp\/v2\/product_tag?post=1093"}],"curies":[{"name":"wp","href":"https:\/\/api.w.org\/{rel}","templated":true}]}}