{"id":263,"date":"2024-09-11T16:04:29","date_gmt":"2024-09-11T16:04:29","guid":{"rendered":"https:\/\/butherspets.com\/?post_type=product&#038;p=263"},"modified":"2025-01-29T00:49:22","modified_gmt":"2025-01-29T00:49:22","slug":"gps-ios-find-my","status":"publish","type":"product","link":"https:\/\/butherspets.com\/index.php\/producto\/gps-ios-find-my\/","title":{"rendered":"GPS Posicionamiento Global Sistema Operativo iOS (Find My)"},"content":{"rendered":"<p data-pm-slice=\"1 1 []\">GPS DE POSICIONAMIENTO GLOBAL (AIR TAG)<\/p>\n<p>&nbsp;<\/p>\n<p>NO DES NADA POR PERDIDO!<\/p>\n<p>Con nuestro GPS es compatible con el sistema operativo IOS y es f\u00e1cil de vincular con la aplicaci\u00f3n Encu\u00e9ntrame (Find My) de Apple, de esta manera puedes saber f\u00e1cilmente d\u00f3nde esta tu mascota. Pon uno en el collar de tu mascota y la tendr\u00e1s localizada en la app Encontrar (Find My) de Apple, la misma que usas para encontrar a tus amigos y tus dispositivos Apple.<\/p>\n<p>Encu\u00e9ntralo. De o\u00eddo.<\/p>\n<p>Cada GPS lleva un altavoz incorporado y puedes hacer que suene para localizarlo. Basta con abrir la nueva pesta\u00f1a Objetos de la app Encontrar (Find My) o decir \u00abOye Siri, \u00bfd\u00f3nde est\u00e1 mi mascota?\u00bb. Si est\u00e1 cerca solo tendr\u00e1s que seguir la pista del sonido, de lo contrario sigue la ubicaci\u00f3n por la APP encu\u00e9ntrame (Find My), el cual te da la ubicaci\u00f3n en tiempo real y de manera precisa con posicionamiento global.<\/p>\n<p>Cuando tu GPS ya est\u00e1 cerca, el iPhone te ayuda a encontrarlo con la funci\u00f3n B\u00fasqueda de Precisi\u00f3n. Ver\u00e1s la distancia y la posici\u00f3n exacta gracias a la tecnolog\u00eda de banda Ultra ancha y posicionamiento global, es importante que para se pueda usar a nivel global y se amas preciso cerca a tu GPS debe haber m\u00e1s dispositivos Apple.<\/p>\n<p>&nbsp;<\/p>\n<p>Dispositivo resistente al agua, as\u00ed que puedes usarlo con libertad en el exterior bajo condiciones de lluvia, piscinas, r\u00edos o mar.<\/p>\n<p>&nbsp;<\/p>\n<p>Este dispositivo funciona con bater\u00eda la cual se puede cambiar una vez se agote, el tiempo m\u00ednimo de vida de cada bater\u00eda es de 1 a\u00f1o.<\/p>\n<p>B\u00fasqueda de Precisi\u00f3n es compatible con:<br \/>\niPhone 11<br \/>\niPhone 11 Pro y iPhone 11 Pro Max<br \/>\niPhone 12 y iPhone 12 mini<br \/>\niPhone 12 Pro y iPhone 12 Pro Max<\/p>\n<p>iPhone 13 Pro y iPhone 13 Pro Max<\/p>\n<p>iPhone 14 Pro y iPhone 14 Pro Max<\/p>\n<p>iPhone 15 Pro y iPhone 15 Pro Max<\/p>\n","protected":false},"excerpt":{"rendered":"<p>GPS DE POSICIONAMIENTO GLOBAL (AIR TAG) &nbsp; NO DES NADA POR PERDIDO! Con nuestro GPS es compatible con el sistema [&hellip;]<\/p>\n","protected":false},"featured_media":594,"comment_status":"open","ping_status":"closed","template":"","meta":{"site-sidebar-layout":"default","site-content-layout":"","ast-site-content-layout":"default","site-content-style":"default","site-sidebar-style":"default","ast-global-header-display":"","ast-banner-title-visibility":"","ast-main-header-display":"","ast-hfb-above-header-display":"","ast-hfb-below-header-display":"","ast-hfb-mobile-header-display":"","site-post-title":"","ast-breadcrumbs-content":"","ast-featured-img":"","footer-sml-layout":"","ast-disable-related-posts":"","theme-transparent-header-meta":"default","adv-header-id-meta":"","stick-header-meta":"","header-above-stick-meta":"","header-main-stick-meta":"","header-below-stick-meta":"","astra-migrate-meta-layouts":"set","ast-page-background-enabled":"default","ast-page-background-meta":{"desktop":{"background-color":"var(--ast-global-color-4)","background-image":"","background-repeat":"repeat","background-position":"center center","background-size":"auto","background-attachment":"scroll","background-type":"","background-media":"","overlay-type":"","overlay-color":"","overlay-opacity":"","overlay-gradient":""},"tablet":{"background-color":"","background-image":"","background-repeat":"repeat","background-position":"center center","background-size":"auto","background-attachment":"scroll","background-type":"","background-media":"","overlay-type":"","overlay-color":"","overlay-opacity":"","overlay-gradient":""},"mobile":{"background-color":"","background-image":"","background-repeat":"repeat","background-position":"center center","background-size":"auto","background-attachment":"scroll","background-type":"","background-media":"","overlay-type":"","overlay-color":"","overlay-opacity":"","overlay-gradient":""}},"ast-content-background-meta":{"desktop":{"background-color":"var(--ast-global-color-5)","background-image":"","background-repeat":"repeat","background-position":"center center","background-size":"auto","background-attachment":"scroll","background-type":"","background-media":"","overlay-type":"","overlay-color":"","overlay-opacity":"","overlay-gradient":""},"tablet":{"background-color":"var(--ast-global-color-5)","background-image":"","background-repeat":"repeat","background-position":"center center","background-size":"auto","background-attachment":"scroll","background-type":"","background-media":"","overlay-type":"","overlay-color":"","overlay-opacity":"","overlay-gradient":""},"mobile":{"background-color":"var(--ast-global-color-5)","background-image":"","background-repeat":"repeat","background-position":"center center","background-size":"auto","background-attachment":"scroll","background-type":"","background-media":"","overlay-type":"","overlay-color":"","overlay-opacity":"","overlay-gradient":""}},"_joinchat":[]},"product_brand":[77],"product_cat":[22,21,27],"product_tag":[],"class_list":{"0":"post-263","1":"product","2":"type-product","3":"status-publish","4":"has-post-thumbnail","6":"product_brand-bp","7":"product_cat-gato","8":"product_cat-perro","9":"product_cat-placas","10":"desktop-align-left","11":"tablet-align-left","12":"mobile-align-left","14":"first","15":"instock","16":"taxable","17":"shipping-taxable","18":"purchasable","19":"product-type-variable"},"_links":{"self":[{"href":"https:\/\/butherspets.com\/index.php\/wp-json\/wp\/v2\/product\/263","targetHints":{"allow":["GET"]}}],"collection":[{"href":"https:\/\/butherspets.com\/index.php\/wp-json\/wp\/v2\/product"}],"about":[{"href":"https:\/\/butherspets.com\/index.php\/wp-json\/wp\/v2\/types\/product"}],"replies":[{"embeddable":true,"href":"https:\/\/butherspets.com\/index.php\/wp-json\/wp\/v2\/comments?post=263"}],"wp:featuredmedia":[{"embeddable":true,"href":"https:\/\/butherspets.com\/index.php\/wp-json\/wp\/v2\/media\/594"}],"wp:attachment":[{"href":"https:\/\/butherspets.com\/index.php\/wp-json\/wp\/v2\/media?parent=263"}],"wp:term":[{"taxonomy":"product_brand","embeddable":true,"href":"https:\/\/butherspets.com\/index.php\/wp-json\/wp\/v2\/product_brand?post=263"},{"taxonomy":"product_cat","embeddable":true,"href":"https:\/\/butherspets.com\/index.php\/wp-json\/wp\/v2\/product_cat?post=263"},{"taxonomy":"product_tag","embeddable":true,"href":"https:\/\/butherspets.com\/index.php\/wp-json\/wp\/v2\/product_tag?post=263"}],"curies":[{"name":"wp","href":"https:\/\/api.w.org\/{rel}","templated":true}]}}