{"id":269,"date":"2024-09-11T16:09:50","date_gmt":"2024-09-11T16:09:50","guid":{"rendered":"https:\/\/butherspets.com\/?post_type=product&#038;p=269"},"modified":"2025-01-29T00:48:58","modified_gmt":"2025-01-29T00:48:58","slug":"alimentador-automatico-4l","status":"publish","type":"product","link":"https:\/\/butherspets.com\/index.php\/producto\/alimentador-automatico-4l\/","title":{"rendered":"Alimentador Automatico para Mascotas 4L (4 kg) WIFI"},"content":{"rendered":"<p data-pm-slice=\"1 1 []\">Cuida la alimentaci\u00f3n de tu mascota, incluso cuando no est\u00e9s en casa, puede shacerlko remotamente desde tu celular o programar sus horarios.<\/p>\n<p>&nbsp;<\/p>\n<p>Tiempos de alimentaci\u00f3n programables f\u00e1ciles: aseg\u00farese de que su amigo peludo se alimente en su horario programado, d\u00eda o noche; Elija entre 1-4 comidas con opciones de 0-40 porciones para crear una dieta personalizada para su mascota.<\/p>\n<p>&nbsp;<\/p>\n<p>Energ\u00eda con cable o bater\u00eda: seleccione una conexi\u00f3n con cable fija con el cable de alimentaci\u00f3n USB con adaptador de 5 V o el uso de bateria (No Incluidas); Estas opciones aseguran que su mascota nunca quede hambrienta, incluso durante los cortes de energ\u00eda.<\/p>\n<p>&nbsp;<\/p>\n<p>Operaci\u00f3n f\u00e1cil de usar: Conexion con WIFI de uso Facil por aplicacion, la cual puede descragra leyendo el manula d einstrucciones, cuenta con botones en el dispensador p\u00e0ra dispensar comida de manera manual en caso de falla en la conexio WIFI 2.4G o cortes de luz, la appa y los botones hacen que la configuraci\u00f3n y la programaci\u00f3n sea muy f\u00e1cil; Todas las piezas son extra\u00edbles y lavables crean un ambiente saludable para la comida de su mascota.<\/p>\n<p>&nbsp;<\/p>\n<p>F\u00e1cil de limpiar (desmontable): El dispensador autom\u00e1tico de alimentos WIFI presenta un tanque de almacenamiento y un taz\u00f3n de comida extra\u00edble, lo que permite una f\u00e1cil limpieza; El taz\u00f3n se puede limpiar sumergi\u00e9ndolo en agua, asegurando un ambiente de alimentaci\u00f3n saludable e higi\u00e9nico para su mascota; Nuestro alimentador automatico para mascotas prioriza la limpieza, proporcionando una soluci\u00f3n conveniente para los due\u00f1os de mascotas.<\/p>\n<p>&nbsp;<\/p>\n<p>Dise\u00f1o de cierre de bloqueo: el alimentador automatico para mascotas presenta un dise\u00f1o de cierre de bloqueo en ambos lados del tanque de alimentos, asegurando que su mascota no pueda abrirlo; Esto ayuda a evitar que su mascota acceda a alimentos adicionales si el alimentador se mueve o se sacude.<\/p>\n<p>&nbsp;<\/p>\n<p>Specification:<\/p>\n<p>Name: Automatic Dog Feeder<\/p>\n<p>Capacity: 4L &#8211; 4 Kg<\/p>\n<p>Color: Blanco<\/p>\n<p>Weight: 1.1kg<\/p>\n<p>Tama\u00f1o: 19*18.4*31.5cm<\/p>\n<p><strong><em>NO INCLUYE BATERIAS<\/em><\/strong><\/p>\n<p>\u2022 Cuidado de la alimentaci\u00f3n de la mascota desde el celular<\/p>\n<p>\u2022 Seguridad en el cumplimiento del plan de alimentaci\u00f3n de la mascota<\/p>\n<p>\u2022 Conservaci\u00f3n segura del alimento<\/p>\n<p>\u2022 De f\u00e1cil limpieza<\/p>\n<p>\u2022 Para mascotas medianas o peque\u00f1as<\/p>\n<p>\u2022 Control de gramaje<\/p>\n<p>\u2022 Tipo de sistema: El\u00e9ctrico y Baterias<\/p>\n<p><span style=\"font-size: 16px;\">ma de bloqueo de 4 puntos para mayor seguridad.<\/span><\/p>\n","protected":false},"excerpt":{"rendered":"<p>Cuida la alimentaci\u00f3n de tu mascota, incluso cuando no est\u00e9s en casa, puede shacerlko remotamente desde tu celular o programar [&hellip;]<\/p>\n","protected":false},"featured_media":565,"comment_status":"open","ping_status":"closed","template":"","meta":{"site-sidebar-layout":"default","site-content-layout":"","ast-site-content-layout":"default","site-content-style":"default","site-sidebar-style":"default","ast-global-header-display":"","ast-banner-title-visibility":"","ast-main-header-display":"","ast-hfb-above-header-display":"","ast-hfb-below-header-display":"","ast-hfb-mobile-header-display":"","site-post-title":"","ast-breadcrumbs-content":"","ast-featured-img":"","footer-sml-layout":"","ast-disable-related-posts":"","theme-transparent-header-meta":"default","adv-header-id-meta":"","stick-header-meta":"","header-above-stick-meta":"","header-main-stick-meta":"","header-below-stick-meta":"","astra-migrate-meta-layouts":"set","ast-page-background-enabled":"default","ast-page-background-meta":{"desktop":{"background-color":"var(--ast-global-color-4)","background-image":"","background-repeat":"repeat","background-position":"center center","background-size":"auto","background-attachment":"scroll","background-type":"","background-media":"","overlay-type":"","overlay-color":"","overlay-opacity":"","overlay-gradient":""},"tablet":{"background-color":"","background-image":"","background-repeat":"repeat","background-position":"center center","background-size":"auto","background-attachment":"scroll","background-type":"","background-media":"","overlay-type":"","overlay-color":"","overlay-opacity":"","overlay-gradient":""},"mobile":{"background-color":"","background-image":"","background-repeat":"repeat","background-position":"center center","background-size":"auto","background-attachment":"scroll","background-type":"","background-media":"","overlay-type":"","overlay-color":"","overlay-opacity":"","overlay-gradient":""}},"ast-content-background-meta":{"desktop":{"background-color":"var(--ast-global-color-5)","background-image":"","background-repeat":"repeat","background-position":"center center","background-size":"auto","background-attachment":"scroll","background-type":"","background-media":"","overlay-type":"","overlay-color":"","overlay-opacity":"","overlay-gradient":""},"tablet":{"background-color":"var(--ast-global-color-5)","background-image":"","background-repeat":"repeat","background-position":"center center","background-size":"auto","background-attachment":"scroll","background-type":"","background-media":"","overlay-type":"","overlay-color":"","overlay-opacity":"","overlay-gradient":""},"mobile":{"background-color":"var(--ast-global-color-5)","background-image":"","background-repeat":"repeat","background-position":"center center","background-size":"auto","background-attachment":"scroll","background-type":"","background-media":"","overlay-type":"","overlay-color":"","overlay-opacity":"","overlay-gradient":""}},"_joinchat":[]},"product_brand":[77],"product_cat":[34,29],"product_tag":[],"class_list":{"0":"post-269","1":"product","2":"type-product","3":"status-publish","4":"has-post-thumbnail","6":"product_brand-bp","7":"product_cat-para-comer-y-beber-g","8":"product_cat-para-comer-y-beber-p","9":"desktop-align-left","10":"tablet-align-left","11":"mobile-align-left","13":"first","14":"instock","15":"taxable","16":"shipping-taxable","17":"purchasable","18":"product-type-variable"},"_links":{"self":[{"href":"https:\/\/butherspets.com\/index.php\/wp-json\/wp\/v2\/product\/269","targetHints":{"allow":["GET"]}}],"collection":[{"href":"https:\/\/butherspets.com\/index.php\/wp-json\/wp\/v2\/product"}],"about":[{"href":"https:\/\/butherspets.com\/index.php\/wp-json\/wp\/v2\/types\/product"}],"replies":[{"embeddable":true,"href":"https:\/\/butherspets.com\/index.php\/wp-json\/wp\/v2\/comments?post=269"}],"wp:featuredmedia":[{"embeddable":true,"href":"https:\/\/butherspets.com\/index.php\/wp-json\/wp\/v2\/media\/565"}],"wp:attachment":[{"href":"https:\/\/butherspets.com\/index.php\/wp-json\/wp\/v2\/media?parent=269"}],"wp:term":[{"taxonomy":"product_brand","embeddable":true,"href":"https:\/\/butherspets.com\/index.php\/wp-json\/wp\/v2\/product_brand?post=269"},{"taxonomy":"product_cat","embeddable":true,"href":"https:\/\/butherspets.com\/index.php\/wp-json\/wp\/v2\/product_cat?post=269"},{"taxonomy":"product_tag","embeddable":true,"href":"https:\/\/butherspets.com\/index.php\/wp-json\/wp\/v2\/product_tag?post=269"}],"curies":[{"name":"wp","href":"https:\/\/api.w.org\/{rel}","templated":true}]}}