{"id":301,"date":"2024-09-11T16:45:24","date_gmt":"2024-09-11T16:45:24","guid":{"rendered":"https:\/\/butherspets.com\/?post_type=product&#038;p=301"},"modified":"2025-01-29T00:48:01","modified_gmt":"2025-01-29T00:48:01","slug":"cama-alina-grande","status":"publish","type":"product","link":"https:\/\/butherspets.com\/index.php\/producto\/cama-alina-grande\/","title":{"rendered":"GPS Posicionamiento Global Aplicacion FindTag iOS \/ Android"},"content":{"rendered":"<p data-pm-slice=\"1 1 []\">GPS DE POSICIONAMIENTO GLOBAL (FINDTAG) APP, iOS \/ ANDROID<\/p>\n<p>NO DES NADA POR PERDIDO!<\/p>\n<p>Nuestro GPS es compatible con el sistema operativo iOS y Android, es f\u00e1cil de vincular con la aplicaci\u00f3n FindTag la cuela encontrara en el APP Store y Google Play, de esta manera puedes saber f\u00e1cilmente d\u00f3nde est\u00e1 tu mascota dado la precisi\u00f3n de ubicaci\u00f3n dado por el posicionamiento global que emite el GPS. Ponlo en el collar de tu mascota y la tendr\u00e1s localizada todo el tiempo, podr\u00e1 ver la posici\u00f3n de tu mascota en tiempo real o podr\u00e1 ver los movimientos de tu mascota horas antes.<\/p>\n<p>Encu\u00e9ntralo. De o\u00eddo.<\/p>\n<p>Cada GPS lleva un altavoz incorporado y puedes hacer que suene para localizarlo. Basta con abrir la aplicaci\u00f3n e iniciar localizaci\u00f3n por sonido, Si est\u00e1 cerca solo tendr\u00e1s que seguir la pista del sonido, de lo contrario sigue la ubicaci\u00f3n por la APP FindTag el cual te da la ubicaci\u00f3n en tiempo real y de manera precisa con posicionamiento global.<\/p>\n<p>Cuando tu GPS ya est\u00e1 cerca, la app en tu tel\u00e9fono te ayuda a encontrarlo con la funci\u00f3n B\u00fasqueda y seguimiento. Ver\u00e1s la distancia y la posici\u00f3n exacta gracias a la tecnolog\u00eda de posicionamiento global.<\/p>\n<p>Dispositivo resistente al agua, as\u00ed que puedes usarlo con libertad en el exterior bajo condiciones de lluvia, piscinas, r\u00edos o mar.<\/p>\n<p>Este dispositivo funciona con bater\u00eda la cual se puede cambiar una vez se agote, el tiempo m\u00ednimo de vida de cada bater\u00eda es de 1 a\u00f1o.<\/p>\n<p>Viene con una bater\u00eda de repuesto y un porta Tag en Silicona,<\/p>\n<p>Compatible con dispositivos iOS y Android.<\/p>\n","protected":false},"excerpt":{"rendered":"<p>GPS DE POSICIONAMIENTO GLOBAL (FINDTAG) APP, iOS \/ ANDROID NO DES NADA POR PERDIDO! Nuestro GPS es compatible con el [&hellip;]<\/p>\n","protected":false},"featured_media":590,"comment_status":"open","ping_status":"closed","template":"","meta":{"site-sidebar-layout":"default","site-content-layout":"","ast-site-content-layout":"default","site-content-style":"default","site-sidebar-style":"default","ast-global-header-display":"","ast-banner-title-visibility":"","ast-main-header-display":"","ast-hfb-above-header-display":"","ast-hfb-below-header-display":"","ast-hfb-mobile-header-display":"","site-post-title":"","ast-breadcrumbs-content":"","ast-featured-img":"","footer-sml-layout":"","ast-disable-related-posts":"","theme-transparent-header-meta":"default","adv-header-id-meta":"","stick-header-meta":"","header-above-stick-meta":"","header-main-stick-meta":"","header-below-stick-meta":"","astra-migrate-meta-layouts":"set","ast-page-background-enabled":"default","ast-page-background-meta":{"desktop":{"background-color":"var(--ast-global-color-4)","background-image":"","background-repeat":"repeat","background-position":"center center","background-size":"auto","background-attachment":"scroll","background-type":"","background-media":"","overlay-type":"","overlay-color":"","overlay-opacity":"","overlay-gradient":""},"tablet":{"background-color":"","background-image":"","background-repeat":"repeat","background-position":"center center","background-size":"auto","background-attachment":"scroll","background-type":"","background-media":"","overlay-type":"","overlay-color":"","overlay-opacity":"","overlay-gradient":""},"mobile":{"background-color":"","background-image":"","background-repeat":"repeat","background-position":"center center","background-size":"auto","background-attachment":"scroll","background-type":"","background-media":"","overlay-type":"","overlay-color":"","overlay-opacity":"","overlay-gradient":""}},"ast-content-background-meta":{"desktop":{"background-color":"var(--ast-global-color-5)","background-image":"","background-repeat":"repeat","background-position":"center center","background-size":"auto","background-attachment":"scroll","background-type":"","background-media":"","overlay-type":"","overlay-color":"","overlay-opacity":"","overlay-gradient":""},"tablet":{"background-color":"var(--ast-global-color-5)","background-image":"","background-repeat":"repeat","background-position":"center center","background-size":"auto","background-attachment":"scroll","background-type":"","background-media":"","overlay-type":"","overlay-color":"","overlay-opacity":"","overlay-gradient":""},"mobile":{"background-color":"var(--ast-global-color-5)","background-image":"","background-repeat":"repeat","background-position":"center center","background-size":"auto","background-attachment":"scroll","background-type":"","background-media":"","overlay-type":"","overlay-color":"","overlay-opacity":"","overlay-gradient":""}},"_joinchat":[]},"product_brand":[77],"product_cat":[27],"product_tag":[],"class_list":{"0":"post-301","1":"product","2":"type-product","3":"status-publish","4":"has-post-thumbnail","6":"product_brand-bp","7":"product_cat-placas","8":"desktop-align-left","9":"tablet-align-left","10":"mobile-align-left","12":"first","13":"instock","14":"taxable","15":"shipping-taxable","16":"purchasable","17":"product-type-variable"},"_links":{"self":[{"href":"https:\/\/butherspets.com\/index.php\/wp-json\/wp\/v2\/product\/301","targetHints":{"allow":["GET"]}}],"collection":[{"href":"https:\/\/butherspets.com\/index.php\/wp-json\/wp\/v2\/product"}],"about":[{"href":"https:\/\/butherspets.com\/index.php\/wp-json\/wp\/v2\/types\/product"}],"replies":[{"embeddable":true,"href":"https:\/\/butherspets.com\/index.php\/wp-json\/wp\/v2\/comments?post=301"}],"wp:featuredmedia":[{"embeddable":true,"href":"https:\/\/butherspets.com\/index.php\/wp-json\/wp\/v2\/media\/590"}],"wp:attachment":[{"href":"https:\/\/butherspets.com\/index.php\/wp-json\/wp\/v2\/media?parent=301"}],"wp:term":[{"taxonomy":"product_brand","embeddable":true,"href":"https:\/\/butherspets.com\/index.php\/wp-json\/wp\/v2\/product_brand?post=301"},{"taxonomy":"product_cat","embeddable":true,"href":"https:\/\/butherspets.com\/index.php\/wp-json\/wp\/v2\/product_cat?post=301"},{"taxonomy":"product_tag","embeddable":true,"href":"https:\/\/butherspets.com\/index.php\/wp-json\/wp\/v2\/product_tag?post=301"}],"curies":[{"name":"wp","href":"https:\/\/api.w.org\/{rel}","templated":true}]}}