{"id":422,"date":"2024-09-11T17:45:16","date_gmt":"2024-09-11T17:45:16","guid":{"rendered":"https:\/\/butherspets.com\/?post_type=product&#038;p=422"},"modified":"2025-01-29T00:45:47","modified_gmt":"2025-01-29T00:45:47","slug":"comedero-elevado-ajustable","status":"publish","type":"product","link":"https:\/\/butherspets.com\/index.php\/producto\/comedero-elevado-ajustable\/","title":{"rendered":"Comedero Elevado Ajustable"},"content":{"rendered":"<p data-pm-slice=\"1 1 []\">Nuestros comederos elevados para perros est\u00e1n especialmente dise\u00f1ados para promover una digesti\u00f3n saludable al controlar la velocidad de la alimentaci\u00f3n, previniendo problemas de obesidad canina y reduciendo la n\u00e1usea y la hinchaz\u00f3n. Ayudan a ralentizar el tiempo de alimentaci\u00f3n de tu amigo peludo, promoviendo h\u00e1bitos alimenticios saludables y previniendo la sobreingesta, tambien tieen el bowl anti regueros de agua.<\/p>\n<p>Amigable para el usuario: Ajuste la altura con solo presionar un bot\u00f3n para una comodidad \u00f3ptima. Desmonte y limpie en un instante. El innovador dise\u00f1o de integraci\u00f3n ahorra espacio y se adapta perfectamente a cualquier hogar.<\/p>\n<p>Comodidad mejorada: Al proporcionar una altura c\u00f3moda para que su perro obtenga comida y agua, este taz\u00f3n elevado para perros ayuda a promover una digesti\u00f3n saludable y aliviar la presi\u00f3n de las articulaciones, reduciendo efectivamente la presi\u00f3n del cuello.<\/p>\n<p>La flexibilidad de altura: Nuestros tazones de comida para perros se pueden ajustar hasta 12.22 pulgadas (31 cm), lo que proporciona cuatro opciones de altura para la comodidad de alimentaci\u00f3n de su mascota. Acompa\u00f1e a su amigo peludo a medida que crece. Con un dise\u00f1o elevado, reduce la tensi\u00f3n del cuello y las articulaciones y es perfecto para todas las etapas de la vida.<\/p>\n<p>Alimentaci\u00f3n higi\u00e9nica: Proteja sus pisos de derrames de agua y evite los tiempos de alimentaci\u00f3n desordenados. El dise\u00f1o de plato flotante reduce inteligentemente la velocidad con la que toma agua tu mascota, fomentando una experiencia de alimentaci\u00f3n m\u00e1s higi\u00e9nica.<\/p>\n","protected":false},"excerpt":{"rendered":"<p>Nuestros comederos elevados para perros est\u00e1n especialmente dise\u00f1ados para promover una digesti\u00f3n saludable al controlar la velocidad de la alimentaci\u00f3n<\/p>\n","protected":false},"featured_media":581,"comment_status":"open","ping_status":"closed","template":"","meta":{"site-sidebar-layout":"default","site-content-layout":"","ast-site-content-layout":"default","site-content-style":"default","site-sidebar-style":"default","ast-global-header-display":"","ast-banner-title-visibility":"","ast-main-header-display":"","ast-hfb-above-header-display":"","ast-hfb-below-header-display":"","ast-hfb-mobile-header-display":"","site-post-title":"","ast-breadcrumbs-content":"","ast-featured-img":"","footer-sml-layout":"","ast-disable-related-posts":"","theme-transparent-header-meta":"default","adv-header-id-meta":"","stick-header-meta":"","header-above-stick-meta":"","header-main-stick-meta":"","header-below-stick-meta":"","astra-migrate-meta-layouts":"set","ast-page-background-enabled":"default","ast-page-background-meta":{"desktop":{"background-color":"var(--ast-global-color-4)","background-image":"","background-repeat":"repeat","background-position":"center center","background-size":"auto","background-attachment":"scroll","background-type":"","background-media":"","overlay-type":"","overlay-color":"","overlay-opacity":"","overlay-gradient":""},"tablet":{"background-color":"","background-image":"","background-repeat":"repeat","background-position":"center center","background-size":"auto","background-attachment":"scroll","background-type":"","background-media":"","overlay-type":"","overlay-color":"","overlay-opacity":"","overlay-gradient":""},"mobile":{"background-color":"","background-image":"","background-repeat":"repeat","background-position":"center center","background-size":"auto","background-attachment":"scroll","background-type":"","background-media":"","overlay-type":"","overlay-color":"","overlay-opacity":"","overlay-gradient":""}},"ast-content-background-meta":{"desktop":{"background-color":"var(--ast-global-color-5)","background-image":"","background-repeat":"repeat","background-position":"center center","background-size":"auto","background-attachment":"scroll","background-type":"","background-media":"","overlay-type":"","overlay-color":"","overlay-opacity":"","overlay-gradient":""},"tablet":{"background-color":"var(--ast-global-color-5)","background-image":"","background-repeat":"repeat","background-position":"center center","background-size":"auto","background-attachment":"scroll","background-type":"","background-media":"","overlay-type":"","overlay-color":"","overlay-opacity":"","overlay-gradient":""},"mobile":{"background-color":"var(--ast-global-color-5)","background-image":"","background-repeat":"repeat","background-position":"center center","background-size":"auto","background-attachment":"scroll","background-type":"","background-media":"","overlay-type":"","overlay-color":"","overlay-opacity":"","overlay-gradient":""}},"_joinchat":[]},"product_brand":[77],"product_cat":[34,29],"product_tag":[],"class_list":{"0":"post-422","1":"product","2":"type-product","3":"status-publish","4":"has-post-thumbnail","6":"product_brand-bp","7":"product_cat-para-comer-y-beber-g","8":"product_cat-para-comer-y-beber-p","9":"desktop-align-left","10":"tablet-align-left","11":"mobile-align-left","13":"first","14":"instock","15":"taxable","16":"shipping-taxable","17":"purchasable","18":"product-type-variable"},"_links":{"self":[{"href":"https:\/\/butherspets.com\/index.php\/wp-json\/wp\/v2\/product\/422","targetHints":{"allow":["GET"]}}],"collection":[{"href":"https:\/\/butherspets.com\/index.php\/wp-json\/wp\/v2\/product"}],"about":[{"href":"https:\/\/butherspets.com\/index.php\/wp-json\/wp\/v2\/types\/product"}],"replies":[{"embeddable":true,"href":"https:\/\/butherspets.com\/index.php\/wp-json\/wp\/v2\/comments?post=422"}],"wp:featuredmedia":[{"embeddable":true,"href":"https:\/\/butherspets.com\/index.php\/wp-json\/wp\/v2\/media\/581"}],"wp:attachment":[{"href":"https:\/\/butherspets.com\/index.php\/wp-json\/wp\/v2\/media?parent=422"}],"wp:term":[{"taxonomy":"product_brand","embeddable":true,"href":"https:\/\/butherspets.com\/index.php\/wp-json\/wp\/v2\/product_brand?post=422"},{"taxonomy":"product_cat","embeddable":true,"href":"https:\/\/butherspets.com\/index.php\/wp-json\/wp\/v2\/product_cat?post=422"},{"taxonomy":"product_tag","embeddable":true,"href":"https:\/\/butherspets.com\/index.php\/wp-json\/wp\/v2\/product_tag?post=422"}],"curies":[{"name":"wp","href":"https:\/\/api.w.org\/{rel}","templated":true}]}}