{"id":427,"date":"2024-09-11T17:46:29","date_gmt":"2024-09-11T17:46:29","guid":{"rendered":"https:\/\/butherspets.com\/?post_type=product&#038;p=427"},"modified":"2025-01-29T00:45:33","modified_gmt":"2025-01-29T00:45:33","slug":"maleta-de-viaje","status":"publish","type":"product","link":"https:\/\/butherspets.com\/index.php\/producto\/maleta-de-viaje\/","title":{"rendered":"Maleta de Viaje para Mascotas"},"content":{"rendered":"<p data-pm-slice=\"1 1 []\"><strong>Maleta de Viaje para Mascotas:<br \/>\nTransporta de manera c\u00f3moda e ingeniosa a mascota con nuestro malet\u00edn tipo morral, la cual esapta para llevar en cabina de Avi\u00f3n<br \/>\nSuperficie Inferior R\u00edgida y acolchada, Superficie Superior Flexible y plegable.<\/strong><\/p>\n<p>Caracter\u00edsticas del producto:<\/p>\n<p>\u2022 Cuenta con un soporte en la base para proporcionar rigidez al momento de transportar a tu mascota.<br \/>\n\u2022 Cuanta con 2 puertas de ingreso y salida, con doble Cremallera.<br \/>\n\u2022 Excelente Material, duradero y f\u00e1cil de limpiar, malla resistente en PVC.<br \/>\n\u2022 Excelente Ventilaci\u00f3n.<br \/>\n\u2022 Contiene malla de cuatro lados no solo proporciona un viaje seguro y c\u00f3modo para tu mascota, sino que tambi\u00e9n es f\u00e1cil para ti para comprobar es estado de tu mascota.<br \/>\n\u2022 Cuenta con un bolsillo para transportar, alimentos, y otros accesorios, tiene doble manija con cierre en velcro.<br \/>\n\u2022 Dimensiones: Largo 45 cm, ancho 25 cm, alto 28 cm.<br \/>\n\u2022 Soporta un peso hasta 8,0 kilos.<br \/>\n\u2022 Transportador de mascotas aprobado por las aerol\u00edneas: los transportadores para mascotas est\u00e1n aprobados para su uso en la mayor\u00eda de las compa\u00f1\u00edas a\u00e9reas y ofrecen m\u00e1s comodidad para un largo viaje con tu mascota.<\/p>\n<p><strong>Nota:<br \/>\n&#8211; Por favor, mide el tama\u00f1o\/peso de tu mascota y aseg\u00farate de que tu mascota es adecuada para el cargador antes de comprar. No elijas el cargador solo seg\u00fan el peso, sino la longitud y la altura de tu mascota.<br \/>\n&#8211; Para viaje en cabina de avi\u00f3n por favor revisa primero las medidas de la maleta y comp\u00e1ralas con las medidas aceptadas por tu aerol\u00ednea, en cuanto a materiales y dise\u00f1o, esta fabricada para ser apta en un avi\u00f3n y c\u00f3moda para tu peludo, pero las medidas aceptadas las define cada aerol\u00ednea.<\/strong><\/p>\n","protected":false},"excerpt":{"rendered":"<p>Transporta de manera c\u00f3moda e ingeniosa a mascota con nuestro malet\u00edn tipo morral, la cual esapta para llevar en cabina de Avi\u00f3n, Superficie Inferior R\u00edgida y acolchada, Superficie Superior Flexible y plegable.<\/p>\n","protected":false},"featured_media":694,"comment_status":"open","ping_status":"closed","template":"","meta":{"site-sidebar-layout":"default","site-content-layout":"","ast-site-content-layout":"default","site-content-style":"default","site-sidebar-style":"default","ast-global-header-display":"","ast-banner-title-visibility":"","ast-main-header-display":"","ast-hfb-above-header-display":"","ast-hfb-below-header-display":"","ast-hfb-mobile-header-display":"","site-post-title":"","ast-breadcrumbs-content":"","ast-featured-img":"","footer-sml-layout":"","ast-disable-related-posts":"","theme-transparent-header-meta":"default","adv-header-id-meta":"","stick-header-meta":"","header-above-stick-meta":"","header-main-stick-meta":"","header-below-stick-meta":"","astra-migrate-meta-layouts":"set","ast-page-background-enabled":"default","ast-page-background-meta":{"desktop":{"background-color":"var(--ast-global-color-4)","background-image":"","background-repeat":"repeat","background-position":"center center","background-size":"auto","background-attachment":"scroll","background-type":"","background-media":"","overlay-type":"","overlay-color":"","overlay-opacity":"","overlay-gradient":""},"tablet":{"background-color":"","background-image":"","background-repeat":"repeat","background-position":"center center","background-size":"auto","background-attachment":"scroll","background-type":"","background-media":"","overlay-type":"","overlay-color":"","overlay-opacity":"","overlay-gradient":""},"mobile":{"background-color":"","background-image":"","background-repeat":"repeat","background-position":"center center","background-size":"auto","background-attachment":"scroll","background-type":"","background-media":"","overlay-type":"","overlay-color":"","overlay-opacity":"","overlay-gradient":""}},"ast-content-background-meta":{"desktop":{"background-color":"var(--ast-global-color-5)","background-image":"","background-repeat":"repeat","background-position":"center center","background-size":"auto","background-attachment":"scroll","background-type":"","background-media":"","overlay-type":"","overlay-color":"","overlay-opacity":"","overlay-gradient":""},"tablet":{"background-color":"var(--ast-global-color-5)","background-image":"","background-repeat":"repeat","background-position":"center center","background-size":"auto","background-attachment":"scroll","background-type":"","background-media":"","overlay-type":"","overlay-color":"","overlay-opacity":"","overlay-gradient":""},"mobile":{"background-color":"var(--ast-global-color-5)","background-image":"","background-repeat":"repeat","background-position":"center center","background-size":"auto","background-attachment":"scroll","background-type":"","background-media":"","overlay-type":"","overlay-color":"","overlay-opacity":"","overlay-gradient":""}},"_joinchat":[]},"product_brand":[77],"product_cat":[40,41],"product_tag":[],"class_list":{"0":"post-427","1":"product","2":"type-product","3":"status-publish","4":"has-post-thumbnail","6":"product_brand-bp","7":"product_cat-maletas","8":"product_cat-maletas-perro","9":"desktop-align-left","10":"tablet-align-left","11":"mobile-align-left","13":"first","14":"instock","15":"taxable","16":"shipping-taxable","17":"purchasable","18":"product-type-variable"},"_links":{"self":[{"href":"https:\/\/butherspets.com\/index.php\/wp-json\/wp\/v2\/product\/427","targetHints":{"allow":["GET"]}}],"collection":[{"href":"https:\/\/butherspets.com\/index.php\/wp-json\/wp\/v2\/product"}],"about":[{"href":"https:\/\/butherspets.com\/index.php\/wp-json\/wp\/v2\/types\/product"}],"replies":[{"embeddable":true,"href":"https:\/\/butherspets.com\/index.php\/wp-json\/wp\/v2\/comments?post=427"}],"wp:featuredmedia":[{"embeddable":true,"href":"https:\/\/butherspets.com\/index.php\/wp-json\/wp\/v2\/media\/694"}],"wp:attachment":[{"href":"https:\/\/butherspets.com\/index.php\/wp-json\/wp\/v2\/media?parent=427"}],"wp:term":[{"taxonomy":"product_brand","embeddable":true,"href":"https:\/\/butherspets.com\/index.php\/wp-json\/wp\/v2\/product_brand?post=427"},{"taxonomy":"product_cat","embeddable":true,"href":"https:\/\/butherspets.com\/index.php\/wp-json\/wp\/v2\/product_cat?post=427"},{"taxonomy":"product_tag","embeddable":true,"href":"https:\/\/butherspets.com\/index.php\/wp-json\/wp\/v2\/product_tag?post=427"}],"curies":[{"name":"wp","href":"https:\/\/api.w.org\/{rel}","templated":true}]}}