{"id":894,"date":"2025-01-06T00:45:16","date_gmt":"2025-01-06T00:45:16","guid":{"rendered":"https:\/\/butherspets.com\/?post_type=product&#038;p=894"},"modified":"2025-01-29T00:45:02","modified_gmt":"2025-01-29T00:45:02","slug":"pet-carrier-luxury","status":"publish","type":"product","link":"https:\/\/butherspets.com\/index.php\/producto\/pet-carrier-luxury\/","title":{"rendered":"Pet Carrier Luxury"},"content":{"rendered":"<p data-pm-slice=\"1 1 []\">Cargador de Mascotas Luxury:<\/p>\n<p>Recomendada para perros y gatos de hasta 7 Kg de peso:<\/p>\n<p>Maleta de viaje para gatos o perros, con amplio espacio y muy c\u00f3moda para que tu peludo amigo pueda moverse y contar con mayor circulaci\u00f3n de aire, posee ventilaci\u00f3n superior y a los lados para mantener a tu peludo libre de la sensaci\u00f3n de encierro o asfixia.<\/p>\n<p>Es segura y estable ya que posee marco y una base estable.<\/p>\n<p>La correa para el hombro es ajustable y su asa te permite llevarla en la mano si deseas, lo cual proporciona facilidad en la movilidad mientras viajas.<\/p>\n<p>El espacio amplio y aireado permite a tu peludo relajarse durante su viaje en coche, avi\u00f3n o en caminatas con su humano.<\/p>\n<p>Aceptada por aerol\u00edneas para viaje en cabina, materiales totalmente lavables, semi r\u00edgido e impermeable, elaborado en Materiales: Polyester, Nylon PU + 210D polyester. Cojin acolchado y malla en PVC.<\/p>\n<p><strong>NOTA:<\/strong> Para viaje en cabina de avi\u00f3n por favor revisa primero las medidas de la maleta y comp\u00e1ralas con las medidas aceptadas por tu aerol\u00ednea, en cuanto a materiales y dise\u00f1o, esta fabricada para ser apta en un avi\u00f3n y c\u00f3moda para tu peludo, pero las medidas aceptadas las define cada aerol\u00ednea.<\/p>\n<p>Tama\u00f1o:<\/p>\n<p>45 cm X 25 cm X 34 cm.<\/p>\n","protected":false},"excerpt":{"rendered":"<p>Cargador de Mascotas Luxury: Recomendada para perros y gatos de hasta 7 Kg de peso: Maleta de viaje para gatos [&hellip;]<\/p>\n","protected":false},"featured_media":619,"comment_status":"open","ping_status":"closed","template":"","meta":{"site-sidebar-layout":"default","site-content-layout":"","ast-site-content-layout":"default","site-content-style":"default","site-sidebar-style":"default","ast-global-header-display":"","ast-banner-title-visibility":"","ast-main-header-display":"","ast-hfb-above-header-display":"","ast-hfb-below-header-display":"","ast-hfb-mobile-header-display":"","site-post-title":"","ast-breadcrumbs-content":"","ast-featured-img":"","footer-sml-layout":"","ast-disable-related-posts":"","theme-transparent-header-meta":"default","adv-header-id-meta":"","stick-header-meta":"","header-above-stick-meta":"","header-main-stick-meta":"","header-below-stick-meta":"","astra-migrate-meta-layouts":"set","ast-page-background-enabled":"default","ast-page-background-meta":{"desktop":{"background-color":"var(--ast-global-color-4)","background-image":"","background-repeat":"repeat","background-position":"center center","background-size":"auto","background-attachment":"scroll","background-type":"","background-media":"","overlay-type":"","overlay-color":"","overlay-opacity":"","overlay-gradient":""},"tablet":{"background-color":"","background-image":"","background-repeat":"repeat","background-position":"center center","background-size":"auto","background-attachment":"scroll","background-type":"","background-media":"","overlay-type":"","overlay-color":"","overlay-opacity":"","overlay-gradient":""},"mobile":{"background-color":"","background-image":"","background-repeat":"repeat","background-position":"center center","background-size":"auto","background-attachment":"scroll","background-type":"","background-media":"","overlay-type":"","overlay-color":"","overlay-opacity":"","overlay-gradient":""}},"ast-content-background-meta":{"desktop":{"background-color":"var(--ast-global-color-5)","background-image":"","background-repeat":"repeat","background-position":"center center","background-size":"auto","background-attachment":"scroll","background-type":"","background-media":"","overlay-type":"","overlay-color":"","overlay-opacity":"","overlay-gradient":""},"tablet":{"background-color":"var(--ast-global-color-5)","background-image":"","background-repeat":"repeat","background-position":"center center","background-size":"auto","background-attachment":"scroll","background-type":"","background-media":"","overlay-type":"","overlay-color":"","overlay-opacity":"","overlay-gradient":""},"mobile":{"background-color":"var(--ast-global-color-5)","background-image":"","background-repeat":"repeat","background-position":"center center","background-size":"auto","background-attachment":"scroll","background-type":"","background-media":"","overlay-type":"","overlay-color":"","overlay-opacity":"","overlay-gradient":""}},"_joinchat":[]},"product_brand":[77],"product_cat":[22,41,40,21],"product_tag":[],"class_list":{"0":"post-894","1":"product","2":"type-product","3":"status-publish","4":"has-post-thumbnail","6":"product_brand-bp","7":"product_cat-gato","8":"product_cat-maletas-perro","9":"product_cat-maletas","10":"product_cat-perro","11":"desktop-align-left","12":"tablet-align-left","13":"mobile-align-left","15":"first","16":"outofstock","17":"taxable","18":"shipping-taxable","19":"purchasable","20":"product-type-variable"},"_links":{"self":[{"href":"https:\/\/butherspets.com\/index.php\/wp-json\/wp\/v2\/product\/894","targetHints":{"allow":["GET"]}}],"collection":[{"href":"https:\/\/butherspets.com\/index.php\/wp-json\/wp\/v2\/product"}],"about":[{"href":"https:\/\/butherspets.com\/index.php\/wp-json\/wp\/v2\/types\/product"}],"replies":[{"embeddable":true,"href":"https:\/\/butherspets.com\/index.php\/wp-json\/wp\/v2\/comments?post=894"}],"wp:featuredmedia":[{"embeddable":true,"href":"https:\/\/butherspets.com\/index.php\/wp-json\/wp\/v2\/media\/619"}],"wp:attachment":[{"href":"https:\/\/butherspets.com\/index.php\/wp-json\/wp\/v2\/media?parent=894"}],"wp:term":[{"taxonomy":"product_brand","embeddable":true,"href":"https:\/\/butherspets.com\/index.php\/wp-json\/wp\/v2\/product_brand?post=894"},{"taxonomy":"product_cat","embeddable":true,"href":"https:\/\/butherspets.com\/index.php\/wp-json\/wp\/v2\/product_cat?post=894"},{"taxonomy":"product_tag","embeddable":true,"href":"https:\/\/butherspets.com\/index.php\/wp-json\/wp\/v2\/product_tag?post=894"}],"curies":[{"name":"wp","href":"https:\/\/api.w.org\/{rel}","templated":true}]}}