{"id":906,"date":"2025-01-06T01:07:41","date_gmt":"2025-01-06T01:07:41","guid":{"rendered":"https:\/\/butherspets.com\/?post_type=product&#038;p=906"},"modified":"2025-02-01T00:33:48","modified_gmt":"2025-02-01T00:33:48","slug":"super-arnes-tactico","status":"publish","type":"product","link":"https:\/\/butherspets.com\/index.php\/producto\/super-arnes-tactico\/","title":{"rendered":"Super Arn\u00e9s Tactico"},"content":{"rendered":"<p data-pm-slice=\"1 1 []\"><strong>\u00a1Descubre el Super Arnes T\u00e1ctico!<\/strong><\/p>\n<p><strong>\u00a1Prep\u00e1rate para la acci\u00f3n con este arn\u00e9s t\u00e1ctico de alta calidad!<\/strong><br \/>\n<strong>Caracter\u00edsticas:<\/strong><br \/>\n&#8211; Fabricado con materiales resistentes como Nylon y neopreno, duraderos para soportar cualquier situaci\u00f3n extrema.- Dise\u00f1o ergon\u00f3mico que se ajusta perfectamente al cuerpo para brindar comodidad y libertad de movimiento.- Multiples velcros y cuerda elastica para llevar todo lo necesario de forma organizada.- Correas ajustables para adaptarse a diferentes tama\u00f1os y formas corporales.- Ideal para actividades al aire libre, deportes extremos, caza, pesca, entre otros.<\/p>\n<p><strong>No dejes pasar la oportunidad de adquirir este arn\u00e9s t\u00e1ctico que te acompa\u00f1ar\u00e1 en todas tus aventuras!<\/strong>\ud83d\ude0e\ud83d\udd25<\/p>\n","protected":false},"excerpt":{"rendered":"<p>\u00a1Descubre el Super Arnes T\u00e1ctico! \u00a1Prep\u00e1rate para la acci\u00f3n con este arn\u00e9s t\u00e1ctico de alta calidad! Caracter\u00edsticas: &#8211; Fabricado con [&hellip;]<\/p>\n","protected":false},"featured_media":715,"comment_status":"open","ping_status":"closed","template":"","meta":{"site-sidebar-layout":"default","site-content-layout":"","ast-site-content-layout":"default","site-content-style":"default","site-sidebar-style":"default","ast-global-header-display":"","ast-banner-title-visibility":"","ast-main-header-display":"","ast-hfb-above-header-display":"","ast-hfb-below-header-display":"","ast-hfb-mobile-header-display":"","site-post-title":"","ast-breadcrumbs-content":"","ast-featured-img":"","footer-sml-layout":"","ast-disable-related-posts":"","theme-transparent-header-meta":"default","adv-header-id-meta":"","stick-header-meta":"","header-above-stick-meta":"","header-main-stick-meta":"","header-below-stick-meta":"","astra-migrate-meta-layouts":"set","ast-page-background-enabled":"default","ast-page-background-meta":{"desktop":{"background-color":"var(--ast-global-color-4)","background-image":"","background-repeat":"repeat","background-position":"center center","background-size":"auto","background-attachment":"scroll","background-type":"","background-media":"","overlay-type":"","overlay-color":"","overlay-opacity":"","overlay-gradient":""},"tablet":{"background-color":"","background-image":"","background-repeat":"repeat","background-position":"center center","background-size":"auto","background-attachment":"scroll","background-type":"","background-media":"","overlay-type":"","overlay-color":"","overlay-opacity":"","overlay-gradient":""},"mobile":{"background-color":"","background-image":"","background-repeat":"repeat","background-position":"center center","background-size":"auto","background-attachment":"scroll","background-type":"","background-media":"","overlay-type":"","overlay-color":"","overlay-opacity":"","overlay-gradient":""}},"ast-content-background-meta":{"desktop":{"background-color":"var(--ast-global-color-5)","background-image":"","background-repeat":"repeat","background-position":"center center","background-size":"auto","background-attachment":"scroll","background-type":"","background-media":"","overlay-type":"","overlay-color":"","overlay-opacity":"","overlay-gradient":""},"tablet":{"background-color":"var(--ast-global-color-5)","background-image":"","background-repeat":"repeat","background-position":"center center","background-size":"auto","background-attachment":"scroll","background-type":"","background-media":"","overlay-type":"","overlay-color":"","overlay-opacity":"","overlay-gradient":""},"mobile":{"background-color":"var(--ast-global-color-5)","background-image":"","background-repeat":"repeat","background-position":"center center","background-size":"auto","background-attachment":"scroll","background-type":"","background-media":"","overlay-type":"","overlay-color":"","overlay-opacity":"","overlay-gradient":""}},"_joinchat":[]},"product_brand":[77],"product_cat":[31,25,22,21],"product_tag":[],"class_list":{"0":"post-906","1":"product","2":"type-product","3":"status-publish","4":"has-post-thumbnail","6":"product_brand-bp","7":"product_cat-arneses-g","8":"product_cat-arneses-p","9":"product_cat-gato","10":"product_cat-perro","11":"desktop-align-left","12":"tablet-align-left","13":"mobile-align-left","15":"first","16":"instock","17":"taxable","18":"shipping-taxable","19":"purchasable","20":"product-type-variable"},"_links":{"self":[{"href":"https:\/\/butherspets.com\/index.php\/wp-json\/wp\/v2\/product\/906","targetHints":{"allow":["GET"]}}],"collection":[{"href":"https:\/\/butherspets.com\/index.php\/wp-json\/wp\/v2\/product"}],"about":[{"href":"https:\/\/butherspets.com\/index.php\/wp-json\/wp\/v2\/types\/product"}],"replies":[{"embeddable":true,"href":"https:\/\/butherspets.com\/index.php\/wp-json\/wp\/v2\/comments?post=906"}],"wp:featuredmedia":[{"embeddable":true,"href":"https:\/\/butherspets.com\/index.php\/wp-json\/wp\/v2\/media\/715"}],"wp:attachment":[{"href":"https:\/\/butherspets.com\/index.php\/wp-json\/wp\/v2\/media?parent=906"}],"wp:term":[{"taxonomy":"product_brand","embeddable":true,"href":"https:\/\/butherspets.com\/index.php\/wp-json\/wp\/v2\/product_brand?post=906"},{"taxonomy":"product_cat","embeddable":true,"href":"https:\/\/butherspets.com\/index.php\/wp-json\/wp\/v2\/product_cat?post=906"},{"taxonomy":"product_tag","embeddable":true,"href":"https:\/\/butherspets.com\/index.php\/wp-json\/wp\/v2\/product_tag?post=906"}],"curies":[{"name":"wp","href":"https:\/\/api.w.org\/{rel}","templated":true}]}}