{"id":932,"date":"2025-01-28T01:40:28","date_gmt":"2025-01-28T01:40:28","guid":{"rendered":"https:\/\/butherspets.com\/?post_type=product&#038;p=932"},"modified":"2025-01-29T01:03:50","modified_gmt":"2025-01-29T01:03:50","slug":"pechera-tactica-reflectiva","status":"publish","type":"product","link":"https:\/\/butherspets.com\/index.php\/producto\/pechera-tactica-reflectiva\/","title":{"rendered":"Pechera Tactica Reflectiva"},"content":{"rendered":"<p data-pm-slice=\"1 1 []\">Materiales est\u00e1ndar superiores:<\/p>\n<p>La Pechera T\u00e1ctica est\u00e1 hecha en material super resistente, con costuras de seguridad y reflectivas en la noche para una durabilidad y seguridad adicionales, adecuada para todo uso.<\/p>\n<p>&nbsp;<\/p>\n<p>Completamente ajustable al tama\u00f1o de tu mascota:<\/p>\n<p>Ajuste completo: Pechera muy f\u00e1cil de poner y quitar sin problema cuenta con 4 hebillas de liberaci\u00f3n r\u00e1pida. Son 4 correas totalmente ajustables (2 hombro, 2 pecho) permiten un ajuste f\u00e1cil y una alta movilidad de tu mascota.<\/p>\n<p>&nbsp;<\/p>\n<p>Hebilla duradera:<\/p>\n<p>Cuenta Dos hebillas de hombro en aleaci\u00f3n de Zinc las cuales pueden soportar una gran fuerza de tracci\u00f3n, asegurando que su mascota est\u00e1 sujeta de manera segura durante el entrenamiento, la caza, el trabajo, la caminata, ejerci\u00f3 y cualquier otra ocasi\u00f3n. Dos hebillas en pl\u00e1stico industrial en el pecho, Permitir\u00e1n abrochar y quitar la pechera del cuerpo f\u00e1cilmente.<\/p>\n<p>&nbsp;<\/p>\n<p>Malla suave y transpirable:<\/p>\n<p>Cuenta con una malla bien acolchado en cada punto de carga de presi\u00f3n para proteger la piel de su perro, mientras que la malla de aire transpirable mantiene a su perro ventilado y c\u00f3modo.<\/p>\n<p>&nbsp;<\/p>\n<p>Dise\u00f1o pr\u00e1ctico:<\/p>\n<p>Sistema de velcro en ambos lados de la pechera, as\u00ed como en el pecho para identificaci\u00f3n, insignias, parches y maletas, sistema t\u00e1ctico para perros. todo con el fin de mostrar la personalidad de su perro.<\/p>\n<p>&nbsp;<\/p>\n<p>Practico y seguro:<\/p>\n<p>2 puntos de fijaci\u00f3n de correa con anillos de metal tipo D, hacen de sus caminatas m\u00e1s seguras y pr\u00e1cticas. Un anillo delantero para controlar a tu mascota o para entrenamiento, y un anillo de espalda para caminar o trotar casual. Mango superior reforzado para un control adicional y una f\u00e1cil ayuda de elevaci\u00f3n en situaciones que tengas que halar a tu mascota.<\/p>\n","protected":false},"excerpt":{"rendered":"<p>Materiales est\u00e1ndar superiores: La Pechera T\u00e1ctica est\u00e1 hecha en material super resistente, con costuras de seguridad y reflectivas en la [&hellip;]<\/p>\n","protected":false},"featured_media":676,"comment_status":"open","ping_status":"closed","template":"","meta":{"site-sidebar-layout":"default","site-content-layout":"","ast-site-content-layout":"default","site-content-style":"default","site-sidebar-style":"default","ast-global-header-display":"","ast-banner-title-visibility":"","ast-main-header-display":"","ast-hfb-above-header-display":"","ast-hfb-below-header-display":"","ast-hfb-mobile-header-display":"","site-post-title":"","ast-breadcrumbs-content":"","ast-featured-img":"","footer-sml-layout":"","ast-disable-related-posts":"","theme-transparent-header-meta":"default","adv-header-id-meta":"","stick-header-meta":"","header-above-stick-meta":"","header-main-stick-meta":"","header-below-stick-meta":"","astra-migrate-meta-layouts":"set","ast-page-background-enabled":"default","ast-page-background-meta":{"desktop":{"background-color":"var(--ast-global-color-4)","background-image":"","background-repeat":"repeat","background-position":"center center","background-size":"auto","background-attachment":"scroll","background-type":"","background-media":"","overlay-type":"","overlay-color":"","overlay-opacity":"","overlay-gradient":""},"tablet":{"background-color":"","background-image":"","background-repeat":"repeat","background-position":"center center","background-size":"auto","background-attachment":"scroll","background-type":"","background-media":"","overlay-type":"","overlay-color":"","overlay-opacity":"","overlay-gradient":""},"mobile":{"background-color":"","background-image":"","background-repeat":"repeat","background-position":"center center","background-size":"auto","background-attachment":"scroll","background-type":"","background-media":"","overlay-type":"","overlay-color":"","overlay-opacity":"","overlay-gradient":""}},"ast-content-background-meta":{"desktop":{"background-color":"var(--ast-global-color-5)","background-image":"","background-repeat":"repeat","background-position":"center center","background-size":"auto","background-attachment":"scroll","background-type":"","background-media":"","overlay-type":"","overlay-color":"","overlay-opacity":"","overlay-gradient":""},"tablet":{"background-color":"var(--ast-global-color-5)","background-image":"","background-repeat":"repeat","background-position":"center center","background-size":"auto","background-attachment":"scroll","background-type":"","background-media":"","overlay-type":"","overlay-color":"","overlay-opacity":"","overlay-gradient":""},"mobile":{"background-color":"var(--ast-global-color-5)","background-image":"","background-repeat":"repeat","background-position":"center center","background-size":"auto","background-attachment":"scroll","background-type":"","background-media":"","overlay-type":"","overlay-color":"","overlay-opacity":"","overlay-gradient":""}},"_joinchat":[]},"product_brand":[77],"product_cat":[31,25,22,21],"product_tag":[82],"class_list":{"0":"post-932","1":"product","2":"type-product","3":"status-publish","4":"has-post-thumbnail","6":"product_brand-bp","7":"product_cat-arneses-g","8":"product_cat-arneses-p","9":"product_cat-gato","10":"product_cat-perro","11":"product_tag-rs","12":"desktop-align-left","13":"tablet-align-left","14":"mobile-align-left","16":"first","17":"instock","18":"taxable","19":"shipping-taxable","20":"purchasable","21":"product-type-variable"},"_links":{"self":[{"href":"https:\/\/butherspets.com\/index.php\/wp-json\/wp\/v2\/product\/932","targetHints":{"allow":["GET"]}}],"collection":[{"href":"https:\/\/butherspets.com\/index.php\/wp-json\/wp\/v2\/product"}],"about":[{"href":"https:\/\/butherspets.com\/index.php\/wp-json\/wp\/v2\/types\/product"}],"replies":[{"embeddable":true,"href":"https:\/\/butherspets.com\/index.php\/wp-json\/wp\/v2\/comments?post=932"}],"wp:featuredmedia":[{"embeddable":true,"href":"https:\/\/butherspets.com\/index.php\/wp-json\/wp\/v2\/media\/676"}],"wp:attachment":[{"href":"https:\/\/butherspets.com\/index.php\/wp-json\/wp\/v2\/media?parent=932"}],"wp:term":[{"taxonomy":"product_brand","embeddable":true,"href":"https:\/\/butherspets.com\/index.php\/wp-json\/wp\/v2\/product_brand?post=932"},{"taxonomy":"product_cat","embeddable":true,"href":"https:\/\/butherspets.com\/index.php\/wp-json\/wp\/v2\/product_cat?post=932"},{"taxonomy":"product_tag","embeddable":true,"href":"https:\/\/butherspets.com\/index.php\/wp-json\/wp\/v2\/product_tag?post=932"}],"curies":[{"name":"wp","href":"https:\/\/api.w.org\/{rel}","templated":true}]}}