{"id":961,"date":"2025-01-28T02:06:39","date_gmt":"2025-01-28T02:06:39","guid":{"rendered":"https:\/\/butherspets.com\/?post_type=product&#038;p=961"},"modified":"2025-01-29T00:42:35","modified_gmt":"2025-01-29T00:42:35","slug":"protector-para-gps-en-silicona","status":"publish","type":"product","link":"https:\/\/butherspets.com\/index.php\/producto\/protector-para-gps-en-silicona\/","title":{"rendered":"Protector para GPS en silicona"},"content":{"rendered":"<p data-pm-slice=\"1 1 []\">Compatibilidad: esta funda para AirTag O GPS, se puede acoplar al collar de tu mascota, est\u00e1 dise\u00f1ada profesionalmente para poder albergar los AirTag Apple y GPS. Lo puedes asjustar al collar de tu mascotas de 1 a 2.5 cm de grosor f\u00e1cilmente. El AirTag o GPS se mantendr\u00e1 sujeto a la correa de tu mascota y as\u00ed no se cae ni se raya.<\/p>\n<p>C\u00f3modo para las mascotas: tu mascota no se sentir\u00e1 inc\u00f3moda si siente que algo cuelga del collar y se mueve. Pero esta funda resolver\u00e1 todas sus preocupaciones, har\u00e1 que tu mascota se sienta m\u00e1s c\u00f3moda al correr, y no podr\u00e1 adem\u00e1s masticarla.<\/p>\n<p>Material de alta calidad: hecha de silicona l\u00edquida suave, flexible y ecol\u00f3gica; es muy f\u00e1cil de limpiar, impermeable, antihuellas y resistente a los ara\u00f1azos; y su protecci\u00f3n contra ca\u00eddas es eficaz.<\/p>\n<p>F\u00e1cil de usar: este soporte para AirTag o GPS, tiene el aspecto de un accesorio decorativo, y est\u00e1 dise\u00f1ado de forma \u00fanica para poder ser usado en collares de perros o gatos. Permite mantener los AirTag o GPS seguros y protegidos, y evita que se salgan accidentalmente.<\/p>\n<p>Usos: este accesorio para GPS o AirTag tiene un dise\u00f1o que permite enganchar tu AirTag o GPS en tu bolsa o mochila, en el cintur\u00f3n de una persona mayor, en una mochila de ni\u00f1o, en collares de perros o gatos, en arneses o correas de perro, etc. Podr\u00e1s rastrear f\u00e1cilmente cualquier cosa que desees.<\/p>\n","protected":false},"excerpt":{"rendered":"<p>Compatibilidad: esta funda para AirTag O GPS, se puede acoplar al collar de tu mascota, est\u00e1 dise\u00f1ada profesionalmente para poder [&hellip;]<\/p>\n","protected":false},"featured_media":936,"comment_status":"open","ping_status":"closed","template":"","meta":{"site-sidebar-layout":"default","site-content-layout":"","ast-site-content-layout":"default","site-content-style":"default","site-sidebar-style":"default","ast-global-header-display":"","ast-banner-title-visibility":"","ast-main-header-display":"","ast-hfb-above-header-display":"","ast-hfb-below-header-display":"","ast-hfb-mobile-header-display":"","site-post-title":"","ast-breadcrumbs-content":"","ast-featured-img":"","footer-sml-layout":"","ast-disable-related-posts":"","theme-transparent-header-meta":"default","adv-header-id-meta":"","stick-header-meta":"","header-above-stick-meta":"","header-main-stick-meta":"","header-below-stick-meta":"","astra-migrate-meta-layouts":"set","ast-page-background-enabled":"default","ast-page-background-meta":{"desktop":{"background-color":"var(--ast-global-color-4)","background-image":"","background-repeat":"repeat","background-position":"center center","background-size":"auto","background-attachment":"scroll","background-type":"","background-media":"","overlay-type":"","overlay-color":"","overlay-opacity":"","overlay-gradient":""},"tablet":{"background-color":"","background-image":"","background-repeat":"repeat","background-position":"center center","background-size":"auto","background-attachment":"scroll","background-type":"","background-media":"","overlay-type":"","overlay-color":"","overlay-opacity":"","overlay-gradient":""},"mobile":{"background-color":"","background-image":"","background-repeat":"repeat","background-position":"center center","background-size":"auto","background-attachment":"scroll","background-type":"","background-media":"","overlay-type":"","overlay-color":"","overlay-opacity":"","overlay-gradient":""}},"ast-content-background-meta":{"desktop":{"background-color":"var(--ast-global-color-5)","background-image":"","background-repeat":"repeat","background-position":"center center","background-size":"auto","background-attachment":"scroll","background-type":"","background-media":"","overlay-type":"","overlay-color":"","overlay-opacity":"","overlay-gradient":""},"tablet":{"background-color":"var(--ast-global-color-5)","background-image":"","background-repeat":"repeat","background-position":"center center","background-size":"auto","background-attachment":"scroll","background-type":"","background-media":"","overlay-type":"","overlay-color":"","overlay-opacity":"","overlay-gradient":""},"mobile":{"background-color":"var(--ast-global-color-5)","background-image":"","background-repeat":"repeat","background-position":"center center","background-size":"auto","background-attachment":"scroll","background-type":"","background-media":"","overlay-type":"","overlay-color":"","overlay-opacity":"","overlay-gradient":""}},"_joinchat":[]},"product_brand":[77],"product_cat":[22,21,27],"product_tag":[],"class_list":{"0":"post-961","1":"product","2":"type-product","3":"status-publish","4":"has-post-thumbnail","6":"product_brand-bp","7":"product_cat-gato","8":"product_cat-perro","9":"product_cat-placas","10":"desktop-align-left","11":"tablet-align-left","12":"mobile-align-left","14":"first","15":"instock","16":"taxable","17":"shipping-taxable","18":"purchasable","19":"product-type-variable"},"_links":{"self":[{"href":"https:\/\/butherspets.com\/index.php\/wp-json\/wp\/v2\/product\/961","targetHints":{"allow":["GET"]}}],"collection":[{"href":"https:\/\/butherspets.com\/index.php\/wp-json\/wp\/v2\/product"}],"about":[{"href":"https:\/\/butherspets.com\/index.php\/wp-json\/wp\/v2\/types\/product"}],"replies":[{"embeddable":true,"href":"https:\/\/butherspets.com\/index.php\/wp-json\/wp\/v2\/comments?post=961"}],"wp:featuredmedia":[{"embeddable":true,"href":"https:\/\/butherspets.com\/index.php\/wp-json\/wp\/v2\/media\/936"}],"wp:attachment":[{"href":"https:\/\/butherspets.com\/index.php\/wp-json\/wp\/v2\/media?parent=961"}],"wp:term":[{"taxonomy":"product_brand","embeddable":true,"href":"https:\/\/butherspets.com\/index.php\/wp-json\/wp\/v2\/product_brand?post=961"},{"taxonomy":"product_cat","embeddable":true,"href":"https:\/\/butherspets.com\/index.php\/wp-json\/wp\/v2\/product_cat?post=961"},{"taxonomy":"product_tag","embeddable":true,"href":"https:\/\/butherspets.com\/index.php\/wp-json\/wp\/v2\/product_tag?post=961"}],"curies":[{"name":"wp","href":"https:\/\/api.w.org\/{rel}","templated":true}]}}