{"id":966,"date":"2025-01-28T16:24:50","date_gmt":"2025-01-28T16:24:50","guid":{"rendered":"https:\/\/butherspets.com\/?post_type=product&#038;p=966"},"modified":"2025-04-08T16:50:27","modified_gmt":"2025-04-08T16:50:27","slug":"cama-pet-friends","status":"publish","type":"product","link":"https:\/\/butherspets.com\/index.php\/producto\/cama-pet-friends\/","title":{"rendered":"Camas Pet Friends"},"content":{"rendered":"<p data-pm-slice=\"1 1 []\"><strong>La cama Pet Friends de la marca Nadra es la opci\u00f3n ideal para brindar comodidad y calidez a tus mascotas. Dise\u00f1ada en un elegante modelo de almohad\u00f3n en algodon siliconado, su material de nylon y tejido borrego asegura un descanso placentero para perros y gatos de razas peque\u00f1as. <\/strong><\/p>\n<p><strong>Su estructura a prueba de agua permite que la cama se mantenga en \u00f3ptimas condiciones, incluso en los d\u00edas m\u00e1s h\u00famedos. Cama lavable su dise\u00f1o resistente garantiza durabilidad y facilidad de mantenimiento, convirti\u00e9ndola en una elecci\u00f3n pr\u00e1ctica para el hogar.<\/strong><\/p>\n<p><strong>Esta cama es perfecta para aquellos que buscan un espacio acogedor y seguro para sus compa\u00f1eros peludos. Dale a tu mascota el confort que merece con la cama Pet Friends, un lugar donde podr\u00e1 descansar y so\u00f1ar.<\/strong><\/p>\n<p><strong>TALLA X:<\/strong><\/p>\n<p><strong>Gatos y razas de perros peque\u00f1os como Poodle Toy, Chihuaha, Shih Tzu y de peso aprox. (1-8kg). Medidas: Ancho (45cm), largo (50cm), alto (19cm).<\/strong><\/p>\n<p><strong>TALLA S:<\/strong><\/p>\n<p><strong>Razas de perros medianos como Beagle, Cocker Spaniel, Schnauzer y de peso aprox. (8-25kg). Medidas: Ancho (70cm), <\/strong><strong>largo (80cm), alto (19cm).<\/strong><\/p>\n<p><strong>TALLA M:<\/strong><\/p>\n<p><strong>Razas de perros grandes como Golden, Labrador, Dogo Argentino y de peso aprox. (25-50kg). Medidas: Ancho (90cm), largo (100cm), <\/strong><strong>alto (19cm).<\/strong><\/p>\n<p><strong>TALLA L:<\/strong><\/p>\n<p><strong>Razas de perros extra grandes como San Bernardo, Gran Danes y de peso aprox. (50-95kg). Medidas: Ancho (100cm), largo (120cm), <\/strong><strong>alto (19cm).<\/strong><\/p>\n","protected":false},"excerpt":{"rendered":"<p>La cama Pet Friends de la marca Nadra es la opci\u00f3n ideal para brindar comodidad y calidez a tus mascotas. [&hellip;]<\/p>\n","protected":false},"featured_media":992,"comment_status":"open","ping_status":"closed","template":"","meta":{"site-sidebar-layout":"default","site-content-layout":"","ast-site-content-layout":"default","site-content-style":"default","site-sidebar-style":"default","ast-global-header-display":"","ast-banner-title-visibility":"","ast-main-header-display":"","ast-hfb-above-header-display":"","ast-hfb-below-header-display":"","ast-hfb-mobile-header-display":"","site-post-title":"","ast-breadcrumbs-content":"","ast-featured-img":"","footer-sml-layout":"","ast-disable-related-posts":"","theme-transparent-header-meta":"default","adv-header-id-meta":"","stick-header-meta":"","header-above-stick-meta":"","header-main-stick-meta":"","header-below-stick-meta":"","astra-migrate-meta-layouts":"set","ast-page-background-enabled":"default","ast-page-background-meta":{"desktop":{"background-color":"var(--ast-global-color-4)","background-image":"","background-repeat":"repeat","background-position":"center center","background-size":"auto","background-attachment":"scroll","background-type":"","background-media":"","overlay-type":"","overlay-color":"","overlay-opacity":"","overlay-gradient":""},"tablet":{"background-color":"","background-image":"","background-repeat":"repeat","background-position":"center center","background-size":"auto","background-attachment":"scroll","background-type":"","background-media":"","overlay-type":"","overlay-color":"","overlay-opacity":"","overlay-gradient":""},"mobile":{"background-color":"","background-image":"","background-repeat":"repeat","background-position":"center center","background-size":"auto","background-attachment":"scroll","background-type":"","background-media":"","overlay-type":"","overlay-color":"","overlay-opacity":"","overlay-gradient":""}},"ast-content-background-meta":{"desktop":{"background-color":"var(--ast-global-color-5)","background-image":"","background-repeat":"repeat","background-position":"center center","background-size":"auto","background-attachment":"scroll","background-type":"","background-media":"","overlay-type":"","overlay-color":"","overlay-opacity":"","overlay-gradient":""},"tablet":{"background-color":"var(--ast-global-color-5)","background-image":"","background-repeat":"repeat","background-position":"center center","background-size":"auto","background-attachment":"scroll","background-type":"","background-media":"","overlay-type":"","overlay-color":"","overlay-opacity":"","overlay-gradient":""},"mobile":{"background-color":"var(--ast-global-color-5)","background-image":"","background-repeat":"repeat","background-position":"center center","background-size":"auto","background-attachment":"scroll","background-type":"","background-media":"","overlay-type":"","overlay-color":"","overlay-opacity":"","overlay-gradient":""}},"_joinchat":[]},"product_brand":[78],"product_cat":[22,35,28,21],"product_tag":[],"class_list":{"0":"post-966","1":"product","2":"type-product","3":"status-publish","4":"has-post-thumbnail","6":"product_brand-nd","7":"product_cat-gato","8":"product_cat-para-dormir-g","9":"product_cat-para-dormir-p","10":"product_cat-perro","11":"desktop-align-left","12":"tablet-align-left","13":"mobile-align-left","15":"first","16":"instock","17":"taxable","18":"shipping-taxable","19":"purchasable","20":"product-type-variable"},"_links":{"self":[{"href":"https:\/\/butherspets.com\/index.php\/wp-json\/wp\/v2\/product\/966","targetHints":{"allow":["GET"]}}],"collection":[{"href":"https:\/\/butherspets.com\/index.php\/wp-json\/wp\/v2\/product"}],"about":[{"href":"https:\/\/butherspets.com\/index.php\/wp-json\/wp\/v2\/types\/product"}],"replies":[{"embeddable":true,"href":"https:\/\/butherspets.com\/index.php\/wp-json\/wp\/v2\/comments?post=966"}],"wp:featuredmedia":[{"embeddable":true,"href":"https:\/\/butherspets.com\/index.php\/wp-json\/wp\/v2\/media\/992"}],"wp:attachment":[{"href":"https:\/\/butherspets.com\/index.php\/wp-json\/wp\/v2\/media?parent=966"}],"wp:term":[{"taxonomy":"product_brand","embeddable":true,"href":"https:\/\/butherspets.com\/index.php\/wp-json\/wp\/v2\/product_brand?post=966"},{"taxonomy":"product_cat","embeddable":true,"href":"https:\/\/butherspets.com\/index.php\/wp-json\/wp\/v2\/product_cat?post=966"},{"taxonomy":"product_tag","embeddable":true,"href":"https:\/\/butherspets.com\/index.php\/wp-json\/wp\/v2\/product_tag?post=966"}],"curies":[{"name":"wp","href":"https:\/\/api.w.org\/{rel}","templated":true}]}}